{"id":1664,"date":"2016-01-20T02:25:51","date_gmt":"2016-01-20T02:25:51","guid":{"rendered":"http:\/\/www.willingindustry.com\/?page_id=1664&#038;lang=es"},"modified":"2017-09-27T09:47:17","modified_gmt":"2017-09-27T09:47:17","slug":"servicios","status":"publish","type":"page","link":"https:\/\/www.willingindustry.com\/es\/servicios\/","title":{"rendered":"SERVICIOS"},"content":{"rendered":"<div class=\"fusion-one-full fusion-layout-column fusion-column-last fusion-spacing-yes\" style=\"margin-top:0px;margin-bottom:20px;\"><div class=\"fusion-column-wrapper\"><div class=\"fusion-button-wrapper\"><style type=\"text\/css\" scoped=\"scoped\">.fusion-button.button-1 .fusion-button-text{color:#000000;}.fusion-button.button-1{border-width:1px;border-color:#000000;}.fusion-button.button-1:hover .fusion-button-text,.fusion-button.button-1:focus .fusion-button-text,.fusion-button.button-1:active .fusion-button-text{color:#dd3333;}.fusion-button.button-1:hover,.fusion-button.button-1:focus,.fusion-button.button-1:active{border-width:1px;border-color:#dd3333;}.fusion-button.button-1{background: #ffffff;}.fusion-button.button-1:hover,.button-1:focus,.fusion-button.button-1:active{background: #ffffff;}.fusion-button.button-1{width:auto;}<\/style><a class=\"fusion-button button-flat button-square button-small button-custom button-1\" target=\"_self\" title=\"CORRESPONDENCIA\" href=\"#CORRESPONDENCIA\"><span class=\"fusion-button-text\">CORRESPONDENCIA<\/span><\/a><\/div><div class=\"fusion-button-wrapper\"><style type=\"text\/css\" scoped=\"scoped\">.fusion-button.button-2 .fusion-button-text{color:#000000;}.fusion-button.button-2{border-width:1px;border-color:#000000;}.fusion-button.button-2:hover .fusion-button-text,.fusion-button.button-2:focus .fusion-button-text,.fusion-button.button-2:active .fusion-button-text{color:#dd3333;}.fusion-button.button-2:hover,.fusion-button.button-2:focus,.fusion-button.button-2:active{border-width:1px;border-color:#dd3333;}.fusion-button.button-2{background: #ffffff;}.fusion-button.button-2:hover,.button-2:focus,.fusion-button.button-2:active{background: #ffffff;}.fusion-button.button-2{width:auto;}<\/style><a class=\"fusion-button button-flat button-square button-small button-custom button-2\" target=\"_self\" title=\"CC PROFESIONAL\" href=\"#PROFESIONAL\"><span class=\"fusion-button-text\">CC PROFESIONAL<\/span><i class=\"fa fa-angle-double-down button-icon-right\"><\/i><\/a><\/div><div class=\"fusion-button-wrapper\"><style type=\"text\/css\" scoped=\"scoped\">.fusion-button.button-3 .fusion-button-text{color:#000000;}.fusion-button.button-3{border-width:1px;border-color:#000000;}.fusion-button.button-3:hover .fusion-button-text,.fusion-button.button-3:focus .fusion-button-text,.fusion-button.button-3:active .fusion-button-text{color:#dd3333;}.fusion-button.button-3:hover,.fusion-button.button-3:focus,.fusion-button.button-3:active{border-width:1px;border-color:#dd3333;}.fusion-button.button-3{background: #ffffff;}.fusion-button.button-3:hover,.button-3:focus,.fusion-button.button-3:active{background: #ffffff;}.fusion-button.button-3{width:auto;}<\/style><a class=\"fusion-button button-flat button-square button-small button-custom button-3\" target=\"_self\" title=\"ENTREGA OPORTUNA\" href=\"#ENTREGA \"><span class=\"fusion-button-text\">ENTREGA OPORTUNA<\/span><i class=\"fa fa-angle-double-down button-icon-right\"><\/i><\/a><\/div><div class=\"fusion-button-wrapper\"><style type=\"text\/css\" scoped=\"scoped\">.fusion-button.button-4 .fusion-button-text{color:#000000;}.fusion-button.button-4{border-width:1px;border-color:#000000;}.fusion-button.button-4:hover .fusion-button-text,.fusion-button.button-4:focus .fusion-button-text,.fusion-button.button-4:active .fusion-button-text{color:#dd3333;}.fusion-button.button-4:hover,.fusion-button.button-4:focus,.fusion-button.button-4:active{border-width:1px;border-color:#dd3333;}.fusion-button.button-4{background: #ffffff;}.fusion-button.button-4:hover,.button-4:focus,.fusion-button.button-4:active{background: #ffffff;}.fusion-button.button-4{width:auto;}<\/style><a class=\"fusion-button button-flat button-square button-small button-custom button-4\" target=\"_self\" title=\" INSTALACI\u00d3N\" href=\"#INSTALACI\u00d3N\"><span class=\"fusion-button-text\"> INSTALACI\u00d3N<\/span><i class=\"fa fa-angle-double-down button-icon-right\"><\/i><\/a><\/div><div class=\"fusion-button-wrapper\"><style type=\"text\/css\" scoped=\"scoped\">.fusion-button.button-5 .fusion-button-text{color:#000000;}.fusion-button.button-5{border-width:1px;border-color:#000000;}.fusion-button.button-5:hover .fusion-button-text,.fusion-button.button-5:focus .fusion-button-text,.fusion-button.button-5:active .fusion-button-text{color:#dd3333;}.fusion-button.button-5:hover,.fusion-button.button-5:focus,.fusion-button.button-5:active{border-width:1px;border-color:#dd3333;}.fusion-button.button-5{background: #ffffff;}.fusion-button.button-5:hover,.button-5:focus,.fusion-button.button-5:active{background: #ffffff;}.fusion-button.button-5{width:auto;}<\/style><a class=\"fusion-button button-flat button-square button-small button-custom button-5\" target=\"_self\" title=\"MANTENIMIENTO\" href=\"#MANTENIMIENTO\"><span class=\"fusion-button-text\">MANTENIMIENTO<\/span><i class=\"fa fa-angle-double-down button-icon-right\"><\/i><\/a><\/div><div class=\"fusion-button-wrapper\"><style type=\"text\/css\" scoped=\"scoped\">.fusion-button.button-6 .fusion-button-text{color:#000000;}.fusion-button.button-6{border-width:1px;border-color:#000000;}.fusion-button.button-6:hover .fusion-button-text,.fusion-button.button-6:focus .fusion-button-text,.fusion-button.button-6:active .fusion-button-text{color:#dd3333;}.fusion-button.button-6:hover,.fusion-button.button-6:focus,.fusion-button.button-6:active{border-width:1px;border-color:#dd3333;}.fusion-button.button-6{background: #ffffff;}.fusion-button.button-6:hover,.button-6:focus,.fusion-button.button-6:active{background: #ffffff;}.fusion-button.button-6{width:auto;}<\/style><a class=\"fusion-button button-flat button-square button-small button-custom button-6\" target=\"_self\" title=\"GARANT\u00cdA\" href=\"#GARANT\u00cdA\"><span class=\"fusion-button-text\">GARANT\u00cdA<\/span><i class=\"fa fa-angle-double-down button-icon-right\"><\/i><\/a><\/div><div class=\"fusion-button-wrapper\"><style type=\"text\/css\" scoped=\"scoped\">.fusion-button.button-7 .fusion-button-text{color:#000000;}.fusion-button.button-7{border-width:1px;border-color:#000000;}.fusion-button.button-7:hover .fusion-button-text,.fusion-button.button-7:focus .fusion-button-text,.fusion-button.button-7:active .fusion-button-text{color:#dd3333;}.fusion-button.button-7:hover,.fusion-button.button-7:focus,.fusion-button.button-7:active{border-width:1px;border-color:#dd3333;}.fusion-button.button-7{background: #ffffff;}.fusion-button.button-7:hover,.button-7:focus,.fusion-button.button-7:active{background: #ffffff;}.fusion-button.button-7{width:auto;}<\/style><a class=\"fusion-button button-flat button-square button-small button-custom button-7\" target=\"_self\" title=\"ENTRENAMIENTO\" href=\"#ENTRENAMIENTO\"><span class=\"fusion-button-text\">ENTRENAMIENTO<\/span><i class=\"fa fa-angle-double-down button-icon-right\"><\/i><\/a><\/div><div class=\"fusion-button-wrapper\"><style type=\"text\/css\" scoped=\"scoped\">.fusion-button.button-8 .fusion-button-text{color:#000000;}.fusion-button.button-8{border-width:1px;border-color:#000000;}.fusion-button.button-8:hover .fusion-button-text,.fusion-button.button-8:focus .fusion-button-text,.fusion-button.button-8:active .fusion-button-text{color:#dd3333;}.fusion-button.button-8:hover,.fusion-button.button-8:focus,.fusion-button.button-8:active{border-width:1px;border-color:#dd3333;}.fusion-button.button-8{background: #ffffff;}.fusion-button.button-8:hover,.button-8:focus,.fusion-button.button-8:active{background: #ffffff;}.fusion-button.button-8{width:auto;}<\/style><a class=\"fusion-button button-flat button-square button-small button-custom button-8\" target=\"_self\" title=\"CONSULTOR\u00cdA Y ASESORAMIENTO\" href=\"#CONAD\"><span class=\"fusion-button-text\">CONSULTOR\u00cdA Y ASESORAMIENTO<\/span><i class=\"fa fa-angle-double-down button-icon-right\"><\/i><\/a><\/div><div class=\"fusion-clearfix\"><\/div><\/div><\/div><div class=\"fusion-clearfix\"><\/div><div class=\"fusion-one-full fusion-layout-column fusion-column-last fusion-spacing-yes\" style=\"margin-top:0px;margin-bottom:20px;\"><div class=\"fusion-column-wrapper\"><div class=\"fusion-sep-clear\"><\/div><div class=\"fusion-separator fusion-full-width-sep sep-single sep-dashed\" style=\"border-color:#e0dede;border-top-width:1px;margin-left: auto;margin-right: auto;margin-top:30pxpx;margin-bottom:30pxpx;\"><\/div><div class=\"fusion-clearfix\"><\/div><\/div><\/div><div class=\"fusion-clearfix\"><\/div><div class=\"fusion-one-full fusion-layout-column fusion-column-last fusion-spacing-yes\" style=\"margin-top:0px;margin-bottom:20px;\"><div class=\"fusion-column-wrapper\"><p style=\"text-align: left;\"><span class=\"service\"><a name=\"CORRESPONDENCIA\"><\/a>CORRESPONDENCIA<\/span><\/p>\n<p>Filtrar la f\u00e1brica m\u00e1s adecuada, de buena reputaci\u00f3n en el comercio nacional y extranjero con exitosa experiencia en suministro e informes sobre el mercado de destino. Recoger los art\u00edculos m\u00e1s adecuados en funci\u00f3n de la demanda clave de los clientes en la base al mejor desempe\u00f1o de los costos.<\/p>\n<div class=\"fusion-clearfix\"><\/div><\/div><\/div><div class=\"fusion-clearfix\"><\/div><div class=\"fusion-one-third one_third fusion-layout-column fusion-spacing-yes\" style=\"margin-top:0px;margin-bottom:20px;\"><div class=\"fusion-column-wrapper\"><div class=\"imageframe-liftup\"><span class=\"fusion-imageframe imageframe-bottomshadow imageframe-1 element-bottomshadow\"><a class=\"fusion-no-lightbox\" href=\"http:\/\/www.willingindustry.com\/requirement-matching\/\" target=\"_self\"> <img decoding=\"async\" src=\"http:\/\/www.willingindustry.com\/wp-content\/uploads\/2015\/11\/Matching1.jpg\" alt=\"Matching\" class=\"img-responsive\"\/><\/a><\/span><\/div><div class=\"fusion-clearfix\"><\/div><\/div><\/div><div class=\"fusion-one-third one_third fusion-layout-column fusion-spacing-yes\" style=\"margin-top:0px;margin-bottom:20px;\"><div class=\"fusion-column-wrapper\"><div class=\"imageframe-liftup\"><span class=\"fusion-imageframe imageframe-bottomshadow imageframe-2 element-bottomshadow\"><a class=\"fusion-no-lightbox\" href=\"http:\/\/www.willingindustry.com\/requirement-matching\/\" target=\"_self\"> <img decoding=\"async\" src=\"http:\/\/www.willingindustry.com\/wp-content\/uploads\/2015\/11\/Macthing2.jpg\" alt=\"Matching\" class=\"img-responsive\"\/><\/a><\/span><\/div><div class=\"fusion-clearfix\"><\/div><\/div><\/div><div class=\"fusion-one-third one_third fusion-layout-column fusion-column-last fusion-spacing-yes\" style=\"margin-top:0px;margin-bottom:20px;\"><div class=\"fusion-column-wrapper\"><div class=\"imageframe-liftup\"><span class=\"fusion-imageframe imageframe-bottomshadow imageframe-3 element-bottomshadow\"><a class=\"fusion-no-lightbox\" href=\"http:\/\/www.willingindustry.com\/requirement-matching\/\" target=\"_self\"> <img decoding=\"async\" src=\"http:\/\/www.willingindustry.com\/wp-content\/uploads\/2015\/11\/Matching3.jpg\" alt=\"Matching\" class=\"img-responsive\"\/><\/a><\/span><\/div><div class=\"fusion-clearfix\"><\/div><\/div><\/div><div class=\"fusion-clearfix\"><\/div><div class=\"fusion-one-full fusion-layout-column fusion-column-last fusion-spacing-yes\" style=\"margin-top:0px;margin-bottom:20px;\"><div class=\"fusion-column-wrapper\"><p style=\"text-align: left;\"><span class=\"service\"><a name=\"PROFESIONAL\"><\/a>CC PROFESIONAL<\/span><\/p>\n<p>Nuestro equipo de control de calidad profesional permanecer\u00e1 en la planta para controlar la producci\u00f3n y calidad de nuestros productos en tiempo real, para as\u00ed reaccionar y corregir r\u00e1pidamente cualquier inconveniente seg\u00fan las indicaciones de los clientes antes de realizar el env\u00edo.<\/p>\n<div class=\"fusion-clearfix\"><\/div><\/div><\/div><div class=\"fusion-clearfix\"><\/div><div class=\"fusion-one-third one_third fusion-layout-column fusion-spacing-yes\" style=\"margin-top:0px;margin-bottom:20px;\"><div class=\"fusion-column-wrapper\"><div class=\"imageframe-liftup\"><span class=\"fusion-imageframe imageframe-bottomshadow imageframe-4 element-bottomshadow\"><a class=\"fusion-no-lightbox\" href=\"http:\/\/www.willingindustry.com\/professional-qc\/\" target=\"_self\"> <img decoding=\"async\" src=\"http:\/\/www.willingindustry.com\/wp-content\/uploads\/2015\/11\/Professional-QC1.jpg\" alt=\"Professional QC\" class=\"img-responsive\"\/><\/a><\/span><\/div><div class=\"fusion-clearfix\"><\/div><\/div><\/div><div class=\"fusion-one-third one_third fusion-layout-column fusion-spacing-yes\" style=\"margin-top:0px;margin-bottom:20px;\"><div class=\"fusion-column-wrapper\"><div class=\"imageframe-liftup\"><span class=\"fusion-imageframe imageframe-bottomshadow imageframe-5 element-bottomshadow\"><a class=\"fusion-no-lightbox\" href=\"http:\/\/www.willingindustry.com\/professional-qc\/\" target=\"_self\"> <img decoding=\"async\" src=\"http:\/\/www.willingindustry.com\/wp-content\/uploads\/2015\/11\/Professional-QC3.jpg\" alt=\"Professional QC\" class=\"img-responsive\"\/><\/a><\/span><\/div><div class=\"fusion-clearfix\"><\/div><\/div><\/div><div class=\"fusion-one-third one_third fusion-layout-column fusion-column-last fusion-spacing-yes\" style=\"margin-top:0px;margin-bottom:20px;\"><div class=\"fusion-column-wrapper\"><div class=\"imageframe-liftup\"><span class=\"fusion-imageframe imageframe-bottomshadow imageframe-6 element-bottomshadow\"><a class=\"fusion-no-lightbox\" href=\"http:\/\/www.willingindustry.com\/professional-qc\/\" target=\"_self\"> <img decoding=\"async\" src=\"http:\/\/www.willingindustry.com\/wp-content\/uploads\/2015\/11\/Professional-QC2.jpg\" alt=\"Professional QC\" class=\"img-responsive\"\/><\/a><\/span><\/div><div class=\"fusion-clearfix\"><\/div><\/div><\/div><div class=\"fusion-clearfix\"><\/div><div class=\"fusion-one-full fusion-layout-column fusion-column-last fusion-spacing-yes\" style=\"margin-top:0px;margin-bottom:20px;\"><div class=\"fusion-column-wrapper\"><p style=\"text-align: left;\"><span class=\"service\"><a name=\"ENTREGA\"><\/a>ENTREGA OPORTUNA<\/span><\/p>\n<p>El equipo de control de calidad asegurar\u00e1 la entrega oportuna con la f\u00e1brica durante el proceso de inspecci\u00f3n de calidad.<\/p>\n<div class=\"fusion-clearfix\"><\/div><\/div><\/div><div class=\"fusion-clearfix\"><\/div><div class=\"fusion-one-third one_third fusion-layout-column fusion-spacing-yes\" style=\"margin-top:0px;margin-bottom:20px;\"><div class=\"fusion-column-wrapper\"><div class=\"imageframe-liftup\"><span class=\"fusion-imageframe imageframe-bottomshadow imageframe-7 element-bottomshadow\"><a class=\"fusion-no-lightbox\" href=\"http:\/\/www.willingindustry.com\/timely-delivery\/\" target=\"_self\"> <img decoding=\"async\" src=\"http:\/\/www.willingindustry.com\/wp-content\/uploads\/2015\/11\/Timely-Delivery1.jpg\" alt=\"Timely Delivery\" class=\"img-responsive\"\/><\/a><\/span><\/div><div class=\"fusion-clearfix\"><\/div><\/div><\/div><div class=\"fusion-one-third one_third fusion-layout-column fusion-spacing-yes\" style=\"margin-top:0px;margin-bottom:20px;\"><div class=\"fusion-column-wrapper\"><div class=\"imageframe-liftup\"><span class=\"fusion-imageframe imageframe-bottomshadow imageframe-8 element-bottomshadow\"><a class=\"fusion-no-lightbox\" href=\"http:\/\/www.willingindustry.com\/timely-delivery\/\" target=\"_self\"> <img decoding=\"async\" src=\"http:\/\/www.willingindustry.com\/wp-content\/uploads\/2015\/11\/Timely-Delivery2.jpg\" alt=\"Timely Delivery\" class=\"img-responsive\"\/><\/a><\/span><\/div><div class=\"fusion-clearfix\"><\/div><\/div><\/div><div class=\"fusion-one-third one_third fusion-layout-column fusion-column-last fusion-spacing-yes\" style=\"margin-top:0px;margin-bottom:20px;\"><div class=\"fusion-column-wrapper\"><div class=\"imageframe-liftup\"><span class=\"fusion-imageframe imageframe-bottomshadow imageframe-9 element-bottomshadow\"><a class=\"fusion-no-lightbox\" href=\"http:\/\/www.willingindustry.com\/timely-delivery\/\" target=\"_self\"> <img decoding=\"async\" src=\"http:\/\/www.willingindustry.com\/wp-content\/uploads\/2015\/11\/Timely-Delivery3.jpg\" alt=\"Timely Delivery\" class=\"img-responsive\"\/><\/a><\/span><\/div><div class=\"fusion-clearfix\"><\/div><\/div><\/div><div class=\"fusion-clearfix\"><\/div><div class=\"fusion-one-full fusion-layout-column fusion-column-last fusion-spacing-yes\" style=\"margin-top:0px;margin-bottom:20px;\"><div class=\"fusion-column-wrapper\"><p style=\"text-align: left;\"><span class=\"service\"><a name=\" INSTALACI\u00d3N\"><\/a> INSTALACI\u00d3N<\/span><\/p>\n<p>El personal de instalaci\u00f3n profesional e ingenieros llegar\u00e1n al lugar para instalar y depurar la m\u00e1quina seg\u00fan la situaci\u00f3n espec\u00edfica del trabajo que realizar\u00e1 adem\u00e1s de ciertos requerimientos y expectativas del cliente.<\/p>\n<div class=\"fusion-clearfix\"><\/div><\/div><\/div><div class=\"fusion-clearfix\"><\/div><div class=\"fusion-one-third one_third fusion-layout-column fusion-spacing-yes\" style=\"margin-top:0px;margin-bottom:20px;\"><div class=\"fusion-column-wrapper\"><div class=\"imageframe-liftup\"><span class=\"fusion-imageframe imageframe-bottomshadow imageframe-10 element-bottomshadow\"><a class=\"fusion-no-lightbox\" href=\"http:\/\/www.willingindustry.com\/installation\/\" target=\"_self\"> <img decoding=\"async\" src=\"http:\/\/www.willingindustry.com\/wp-content\/uploads\/2015\/11\/Installation1.jpg\" alt=\"Installation\" class=\"img-responsive\"\/><\/a><\/span><\/div><div class=\"fusion-clearfix\"><\/div><\/div><\/div><div class=\"fusion-one-third one_third fusion-layout-column fusion-spacing-yes\" style=\"margin-top:0px;margin-bottom:20px;\"><div class=\"fusion-column-wrapper\"><div class=\"imageframe-liftup\"><span class=\"fusion-imageframe imageframe-bottomshadow imageframe-11 element-bottomshadow\"><a class=\"fusion-no-lightbox\" href=\"http:\/\/www.willingindustry.com\/installation\/\" target=\"_self\"> <img decoding=\"async\" src=\"http:\/\/www.willingindustry.com\/wp-content\/uploads\/2015\/11\/Installation21.jpg\" alt=\"Installation\" class=\"img-responsive\"\/><\/a><\/span><\/div><div class=\"fusion-clearfix\"><\/div><\/div><\/div><div class=\"fusion-one-third one_third fusion-layout-column fusion-column-last fusion-spacing-yes\" style=\"margin-top:0px;margin-bottom:20px;\"><div class=\"fusion-column-wrapper\"><div class=\"imageframe-liftup\"><span class=\"fusion-imageframe imageframe-bottomshadow imageframe-12 element-bottomshadow\"><a class=\"fusion-no-lightbox\" href=\"http:\/\/www.willingindustry.com\/installation\/\" target=\"_self\"> <img decoding=\"async\" src=\"http:\/\/www.willingindustry.com\/wp-content\/uploads\/2015\/11\/Installation3.jpg\" alt=\"Installation\" class=\"img-responsive\"\/><\/a><\/span><\/div><div class=\"fusion-clearfix\"><\/div><\/div><\/div><div class=\"fusion-clearfix\"><\/div><div class=\"fusion-one-full fusion-layout-column fusion-column-last fusion-spacing-yes\" style=\"margin-top:0px;margin-bottom:20px;\"><div class=\"fusion-column-wrapper\"><p style=\"text-align: left;\"><span class=\"service\"><a name=\"MANTENIMIENTO\"><\/a>MANTENIMIENTO<\/span><\/p>\n<p>Procuraremos realizar el mejor esfuerzo para los clientes y las f\u00e1bricas, asegurando as\u00ed que los productos que se ejecuten sean altamente eficientes y proporcionen un servicio r\u00e1pido y vers\u00e1til, ayudando a actualizar el sistema de trabajo cuando surja alg\u00fan inconveniente.<\/p>\n<div class=\"fusion-clearfix\"><\/div><\/div><\/div><div class=\"fusion-clearfix\"><\/div><div class=\"fusion-one-third one_third fusion-layout-column fusion-spacing-yes\" style=\"margin-top:0px;margin-bottom:20px;\"><div class=\"fusion-column-wrapper\"><div class=\"imageframe-liftup\"><span class=\"fusion-imageframe imageframe-bottomshadow imageframe-13 element-bottomshadow\"><a class=\"fusion-no-lightbox\" href=\"http:\/\/www.willingindustry.com\/maintenance\/\" target=\"_self\"> <img decoding=\"async\" src=\"http:\/\/www.willingindustry.com\/wp-content\/uploads\/2015\/11\/Maintenance1.jpg\" alt=\"Maintenance\" class=\"img-responsive\"\/><\/a><\/span><\/div><div class=\"fusion-clearfix\"><\/div><\/div><\/div><div class=\"fusion-one-third one_third fusion-layout-column fusion-spacing-yes\" style=\"margin-top:0px;margin-bottom:20px;\"><div class=\"fusion-column-wrapper\"><div class=\"imageframe-liftup\"><span class=\"fusion-imageframe imageframe-bottomshadow imageframe-14 element-bottomshadow\"><a class=\"fusion-no-lightbox\" href=\"http:\/\/www.willingindustry.com\/maintenance\/\" target=\"_self\"> <img decoding=\"async\" src=\"http:\/\/www.willingindustry.com\/wp-content\/uploads\/2015\/11\/Maintenance2.jpg\" alt=\"Maintenance\" class=\"img-responsive\"\/><\/a><\/span><\/div><div class=\"fusion-clearfix\"><\/div><\/div><\/div><div class=\"fusion-one-third one_third fusion-layout-column fusion-column-last fusion-spacing-yes\" style=\"margin-top:0px;margin-bottom:20px;\"><div class=\"fusion-column-wrapper\"><div class=\"imageframe-liftup\"><span class=\"fusion-imageframe imageframe-bottomshadow imageframe-15 element-bottomshadow\"><a class=\"fusion-no-lightbox\" href=\"http:\/\/www.willingindustry.com\/maintenance\/\" target=\"_self\"> <img decoding=\"async\" src=\"http:\/\/www.willingindustry.com\/wp-content\/uploads\/2015\/11\/Maintenance3.jpg\" alt=\"Maintenance\" class=\"img-responsive\"\/><\/a><\/span><\/div><div class=\"fusion-clearfix\"><\/div><\/div><\/div><div class=\"fusion-clearfix\"><\/div><div class=\"fusion-one-full fusion-layout-column fusion-column-last fusion-spacing-yes\" style=\"margin-top:0px;margin-bottom:20px;\"><div class=\"fusion-column-wrapper\"><p style=\"text-align: left;\"><span class=\"service\"><a name=\"GARANT\u00cdA\"><\/a>GARANT\u00cdA<\/span><\/p>\n<p>Mantener la garant\u00eda en todos nuestros productos para asegurar que cualquier cambio o reparaci\u00f3n sea totalmente satisfactoria para los clientes.<\/p>\n<div class=\"fusion-clearfix\"><\/div><\/div><\/div><div class=\"fusion-clearfix\"><\/div><div class=\"fusion-one-third one_third fusion-layout-column fusion-spacing-yes\" style=\"margin-top:0px;margin-bottom:20px;\"><div class=\"fusion-column-wrapper\"><div class=\"imageframe-liftup\"><span class=\"fusion-imageframe imageframe-bottomshadow imageframe-16 element-bottomshadow\"><a class=\"fusion-no-lightbox\" href=\"http:\/\/www.willingindustry.com\/warranty\/\" target=\"_self\"> <img decoding=\"async\" src=\"http:\/\/www.willingindustry.com\/wp-content\/uploads\/2015\/11\/Warranty1.jpg\" alt=\"Warranty\" class=\"img-responsive\"\/><\/a><\/span><\/div><div class=\"fusion-clearfix\"><\/div><\/div><\/div><div class=\"fusion-one-third one_third fusion-layout-column fusion-spacing-yes\" style=\"margin-top:0px;margin-bottom:20px;\"><div class=\"fusion-column-wrapper\"><div class=\"imageframe-liftup\"><span class=\"fusion-imageframe imageframe-bottomshadow imageframe-17 element-bottomshadow\"><a class=\"fusion-no-lightbox\" href=\"http:\/\/www.willingindustry.com\/warranty\/\" target=\"_self\"> <img decoding=\"async\" src=\"http:\/\/www.willingindustry.com\/wp-content\/uploads\/2015\/11\/Warranty2.jpg\" alt=\"Warranty\" class=\"img-responsive\"\/><\/a><\/span><\/div><div class=\"fusion-clearfix\"><\/div><\/div><\/div><div class=\"fusion-one-third one_third fusion-layout-column fusion-column-last fusion-spacing-yes\" style=\"margin-top:0px;margin-bottom:20px;\"><div class=\"fusion-column-wrapper\"><div class=\"imageframe-liftup\"><span class=\"fusion-imageframe imageframe-bottomshadow imageframe-18 element-bottomshadow\"><a class=\"fusion-no-lightbox\" href=\"http:\/\/www.willingindustry.com\/warranty\/\" target=\"_self\"> <img decoding=\"async\" src=\"http:\/\/www.willingindustry.com\/wp-content\/uploads\/2015\/11\/Warranty3.jpg\" alt=\"Warranty\" class=\"img-responsive\"\/><\/a><\/span><\/div><div class=\"fusion-clearfix\"><\/div><\/div><\/div><div class=\"fusion-clearfix\"><\/div><div class=\"fusion-one-full fusion-layout-column fusion-column-last fusion-spacing-yes\" style=\"margin-top:0px;margin-bottom:20px;\"><div class=\"fusion-column-wrapper\"><p style=\"text-align: left;\"><span class=\"service\"><a name=\"ENTRENAMIENTO\"><\/a>ENTRENAMIENTO<\/span><\/p>\n<p>Proporciona una gu\u00eda completa del principio de la producci\u00f3n, uso m\u00e1s eficiente, mantenimiento m\u00e1s adecuado de manera diaria, medidas de tratamiento apropiadas para la situaci\u00f3n general.<\/p>\n<div class=\"fusion-clearfix\"><\/div><\/div><\/div><div class=\"fusion-clearfix\"><\/div><div class=\"fusion-one-third one_third fusion-layout-column fusion-column-last fusion-spacing-yes\" style=\"margin-top:0px;margin-bottom:20px;\"><div class=\"fusion-column-wrapper\"><div class=\"imageframe-liftup\"><span class=\"fusion-imageframe imageframe-bottomshadow imageframe-19 element-bottomshadow\"><a class=\"fusion-no-lightbox\" href=\"http:\/\/www.willingindustry.com\/training\/\" target=\"_self\"> <img decoding=\"async\" src=\"http:\/\/www.willingindustry.com\/wp-content\/uploads\/2015\/11\/Training.jpg\" alt=\"Training\" class=\"img-responsive\"\/><\/a><\/span><\/div><div class=\"fusion-clearfix\"><\/div><\/div><\/div><div class=\"fusion-clearfix\"><\/div><div class=\"fusion-one-full fusion-layout-column fusion-column-last fusion-spacing-yes\" style=\"margin-top:0px;margin-bottom:20px;\"><div class=\"fusion-column-wrapper\"><p style=\"text-align: left;\"><span class=\"service\"><a name=\"CONAD\"><\/a>CONSULTOR\u00cdA Y ASESORAMIENTO<\/span><\/p>\n<p>24 horas y 7 d\u00edas de servicios de consultor\u00eda sobre cualquier pregunta que tenga el cliente, obtendr\u00e1 siempre respuesta de nuestra parte y de las f\u00e1bricas. El equipo de post-venta tambi\u00e9n estar\u00e1 presto a servirlo adem\u00e1s realizar\u00e1 un seguimiento acerca de la experiencia del cliente y suministrar\u00e1 consejos pr\u00e1cticos que lo ayudar\u00e1n a mejorar poco a poco.<\/p>\n<div class=\"fusion-clearfix\"><\/div><\/div><\/div><div class=\"fusion-clearfix\"><\/div><p>\u00a0<\/p>\n\n","protected":false},"excerpt":{"rendered":"","protected":false},"author":1,"featured_media":0,"parent":0,"menu_order":0,"comment_status":"closed","ping_status":"closed","template":"","meta":{"footnotes":""},"class_list":["post-1664","page","type-page","status-publish","hentry"],"_links":{"self":[{"href":"https:\/\/www.willingindustry.com\/es\/wp-json\/wp\/v2\/pages\/1664","targetHints":{"allow":["GET"]}}],"collection":[{"href":"https:\/\/www.willingindustry.com\/es\/wp-json\/wp\/v2\/pages"}],"about":[{"href":"https:\/\/www.willingindustry.com\/es\/wp-json\/wp\/v2\/types\/page"}],"author":[{"embeddable":true,"href":"https:\/\/www.willingindustry.com\/es\/wp-json\/wp\/v2\/users\/1"}],"replies":[{"embeddable":true,"href":"https:\/\/www.willingindustry.com\/es\/wp-json\/wp\/v2\/comments?post=1664"}],"version-history":[{"count":1,"href":"https:\/\/www.willingindustry.com\/es\/wp-json\/wp\/v2\/pages\/1664\/revisions"}],"predecessor-version":[{"id":5305,"href":"https:\/\/www.willingindustry.com\/es\/wp-json\/wp\/v2\/pages\/1664\/revisions\/5305"}],"wp:attachment":[{"href":"https:\/\/www.willingindustry.com\/es\/wp-json\/wp\/v2\/media?parent=1664"}],"curies":[{"name":"wp","href":"https:\/\/api.w.org\/{rel}","templated":true}]}}